{"id":159,"date":"2018-03-21T09:51:18","date_gmt":"2018-03-21T09:51:18","guid":{"rendered":"https:\/\/markskulj.si\/our-team\/"},"modified":"2025-05-27T09:23:44","modified_gmt":"2025-05-27T09:23:44","slug":"o-marku","status":"publish","type":"page","link":"https:\/\/markskulj.si\/de\/o-marku\/","title":{"rendered":"\u00dcber Mark"},"content":{"rendered":"<div data-elementor-type=\"wp-post\" data-elementor-id=\"159\" class=\"elementor elementor-159\" data-elementor-settings=\"[]\">\n\t\t\t\t\t\t<div class=\"elementor-inner\">\n\t\t\t\t\t\t\t<div class=\"elementor-section-wrap\">\n\t\t\t\t\t\t\t<section class=\"elementor-section elementor-top-section elementor-element elementor-element-815de28 elementor-section-full_width elementor-section-content-middle elementor-section-height-default elementor-section-height-default\" data-id=\"815de28\" data-element_type=\"section\">\n\t\t\t\t\t\t<div class=\"elementor-container elementor-column-gap-no\">\n\t\t\t\t\t\t\t<div class=\"elementor-row\">\n\t\t\t\t\t<div class=\"elementor-column elementor-col-33 elementor-top-column elementor-element elementor-element-99b7983 sc_layouts_column_icons_position_left\" data-id=\"99b7983\" data-element_type=\"column\">\n\t\t\t<div class=\"elementor-column-wrap\">\n\t\t\t\t\t\t\t<div class=\"elementor-widget-wrap\">\n\t\t\t\t\t\t\t\t<\/div>\n\t\t\t\t\t<\/div>\n\t\t<\/div>\n\t\t\t\t<div class=\"elementor-column elementor-col-33 elementor-top-column elementor-element elementor-element-6368b7b sc_layouts_column_icons_position_left\" data-id=\"6368b7b\" data-element_type=\"column\">\n\t\t\t<div class=\"elementor-column-wrap elementor-element-populated\">\n\t\t\t\t\t\t\t<div class=\"elementor-widget-wrap\">\n\t\t\t\t\t\t<div class=\"elementor-element elementor-element-72ca12a elementor-widget elementor-widget-trx_sc_title\" data-id=\"72ca12a\" data-element_type=\"widget\" data-widget_type=\"trx_sc_title.default\">\n\t\t\t\t<div class=\"elementor-widget-container\">\n\t\t\t<div id=\"trx_sc_title_1858768291\"\n\t\tclass=\"sc_title color_style_default sc_title_decor\">\t<div class=\"sc_title_decor_item  sc_align_none\">\n\t\t<div class=\"sc_title_decor_container\">\n\t<h6 class=\"sc_item_subtitle sc_title_subtitle sc_align_none sc_item_title_style_decor\">Mark \u0160kulj - rojen za hitrost, ustvarjen za zmago!<\/h6>\t<\/div><\/div>\n\t<\/div><!-- \/.sc_title -->\t\t<\/div>\n\t\t\t\t<\/div>\n\t\t\t\t<div class=\"elementor-element elementor-element-a398804 elementor-widget elementor-widget-spacer\" data-id=\"a398804\" data-element_type=\"widget\" data-widget_type=\"spacer.default\">\n\t\t\t\t<div class=\"elementor-widget-container\">\n\t\t\t\t\t<div class=\"elementor-spacer\">\n\t\t\t<div class=\"elementor-spacer-inner\"><\/div>\n\t\t<\/div>\n\t\t\t\t<\/div>\n\t\t\t\t<\/div>\n\t\t\t\t<div class=\"elementor-element elementor-element-4953138 elementor-widget elementor-widget-trx_widget_socials\" data-id=\"4953138\" data-element_type=\"widget\" data-widget_type=\"trx_widget_socials.default\">\n\t\t\t\t<div class=\"elementor-widget-container\">\n\t\t\t<div id=\"trx_widget_socials_255828611\" class=\"widget_area sc_widget_socials\"><aside id=\"trx_widget_socials_255828611_widget\" class=\"widget widget_socials\"><div class=\"socials_wrap sc_align_left\"><a target=\"_blank\" href=\"https:\/\/www.facebook.com\/skuljmark\" class=\"social_item social_item_style_icons social_item_type_icons\"><span class=\"social_icon social_icon_facebook-rect\"><span class=\"icon-facebook-rect\"><\/span><\/span><\/a><span class=\"social_delimiter\"><\/span><a target=\"_blank\" href=\"https:\/\/www.youtube.com\/channel\/UCah0umfg0x6y9WLmosxyi8A\" class=\"social_item social_item_style_icons social_item_type_icons\"><span class=\"social_icon social_icon_youtube-1\"><span class=\"icon-youtube-1\"><\/span><\/span><\/a><span class=\"social_delimiter\"><\/span><a target=\"_blank\" href=\"https:\/\/www.instagram.com\/markskulj\/\" class=\"social_item social_item_style_icons social_item_type_icons\"><span class=\"social_icon social_icon_instagram-filled\"><span class=\"icon-instagram-filled\"><\/span><\/span><\/a><span class=\"social_delimiter\"><\/span><\/div><\/aside><\/div>\t\t<\/div>\n\t\t\t\t<\/div>\n\t\t\t\t\t\t<\/div>\n\t\t\t\t\t<\/div>\n\t\t<\/div>\n\t\t\t\t<div class=\"elementor-column elementor-col-33 elementor-top-column elementor-element elementor-element-a0c8de4 sc_layouts_column_icons_position_left\" data-id=\"a0c8de4\" data-element_type=\"column\">\n\t\t\t<div class=\"elementor-column-wrap elementor-element-populated\">\n\t\t\t\t\t\t\t<div class=\"elementor-widget-wrap\">\n\t\t\t\t\t\t<div class=\"elementor-element elementor-element-1816fa5 elementor-widget elementor-widget-trx_sc_custom_image\" data-id=\"1816fa5\" data-element_type=\"widget\" data-widget_type=\"trx_sc_custom_image.default\">\n\t\t\t\t<div class=\"elementor-widget-container\">\n\t\t\t<div class=\"sc_custom_image left_border sc_align_none\"><div class=\"custom_image_container\">\n\t<div class=\"image_border_left\">\n\t\t<svg version=\"1.1\" xmlns=\"http:\/\/www.w3.org\/2000\/svg\" xmlns:xlink=\"http:\/\/www.w3.org\/1999\/xlink\" x=\"0px\" y=\"0px\" viewbox=\"0 0 70 350\" xml:space=\"preserve\">\n\t\t\t<path class=\"trx_addons_inline_1227244903\" d=\"M0,0h70L0,350l0,0V0z\"\/>\n\t\t<\/svg>\n\t<\/div>\t<div class=\"sc_custom_image_item\"><img class=\"sc_icon_as_image\" src=\"\/\/markskulj.si\/wp-content\/uploads\/2021\/05\/5.jpg\" alt=\"\"><\/div><\/div><\/div><!-- \/.sc_custom_image -->\t\t<\/div>\n\t\t\t\t<\/div>\n\t\t\t\t<div class=\"elementor-element elementor-element-2541026 elementor-widget elementor-widget-spacer\" data-id=\"2541026\" data-element_type=\"widget\" data-widget_type=\"spacer.default\">\n\t\t\t\t<div class=\"elementor-widget-container\">\n\t\t\t\t\t<div class=\"elementor-spacer\">\n\t\t\t<div class=\"elementor-spacer-inner\"><\/div>\n\t\t<\/div>\n\t\t\t\t<\/div>\n\t\t\t\t<\/div>\n\t\t\t\t\t\t<\/div>\n\t\t\t\t\t<\/div>\n\t\t<\/div>\n\t\t\t\t\t\t\t\t<\/div>\n\t\t\t\t\t<\/div>\n\t\t<\/section>\n\t\t\t\t<section class=\"elementor-section elementor-top-section elementor-element elementor-element-dd3f66f elementor-section-boxed elementor-section-height-default elementor-section-height-default\" data-id=\"dd3f66f\" data-element_type=\"section\">\n\t\t\t\t\t\t<div class=\"elementor-container elementor-column-gap-extended\">\n\t\t\t\t\t\t\t<div class=\"elementor-row\">\n\t\t\t\t\t<div class=\"elementor-column elementor-col-100 elementor-top-column elementor-element elementor-element-0796fc0 sc_layouts_column_icons_position_left\" data-id=\"0796fc0\" data-element_type=\"column\">\n\t\t\t<div class=\"elementor-column-wrap elementor-element-populated\">\n\t\t\t\t\t\t\t<div class=\"elementor-widget-wrap\">\n\t\t\t\t\t\t<div class=\"elementor-element elementor-element-b184dfb elementor-widget elementor-widget-spacer\" data-id=\"b184dfb\" data-element_type=\"widget\" data-widget_type=\"spacer.default\">\n\t\t\t\t<div class=\"elementor-widget-container\">\n\t\t\t\t\t<div class=\"elementor-spacer\">\n\t\t\t<div class=\"elementor-spacer-inner\"><\/div>\n\t\t<\/div>\n\t\t\t\t<\/div>\n\t\t\t\t<\/div>\n\t\t\t\t<div class=\"elementor-element elementor-element-4efc64d elementor-widget elementor-widget-text-editor\" data-id=\"4efc64d\" data-element_type=\"widget\" data-widget_type=\"text-editor.default\">\n\t\t\t\t<div class=\"elementor-widget-container\">\n\t\t\t\t\t\t\t\t<div class=\"elementor-text-editor elementor-clearfix\">\n\t\t\t\t\t<p class=\" translation-block\">Die Liebe f\u00fcr Rennwagen wurde Mark schon in die Wiege gelegt. Auch sein Vater Andrej ist ein gro\u00dfer Liebhaber von Benzinsportarten auf vier R\u00e4dern und so entwickelte sich auch Marks Liebe schon in seiner Kindheit. Schon mit sieben Jahren sa\u00df er zum erstem mal im Go-Kart und ein Jahr sp\u00e4ter nahm er schon an Wettbewerben teil.<\/p><p class=\" translation-block\">Er erreichte schnell sch\u00f6ne Erfolge und nahm in den Jahren 2017 und 2018 als einziger slowenischer Vertreter am World Academy Trophy Wettbewerb teil, wo er sich jedes Mal ins Finale platzierte. Seine Karriere mit mini Rennwagen endete jedoch nach einem Unfall im Jahr 2018.<\/p><p class=\" translation-block\">Nur wenig sp\u00e4ter traf er auf dem internationalen Bergrennen in Ilirska Bistrica durch Zufall Mirko Marin\u0161ek. Dieser Rennfahrer, Teambesitzer und Mentor von zahlreichen jungen Fahrern machte ihm den Vorschlag, Rundstreckenrennen in Wettbewerben der Pokalmeisterschaft mit Renault Twingo Rennwagen zu versuchen. Nur 14 Jahre jung sa\u00df Mark schon am n\u00e4chsten Sonntag im Twingo auf der Gaj Rennstrecke in Cerklje ob Krki und kam in diesem Rennen schon auf den 4. Platz!<\/p><p class=\" translation-block\">In der n\u00e4chsten Saison im Jahr 2019 nahm Mark an allen Rennen des Pokals Twingo Cup ESET V4 in starker internationalen Konkurrenz teil und feierte Ende des Jahres nicht nur den Sieg in der Twingo Cup Jugendkategorie, sondern auch den ersten Platz in der Gesamtwertung von 32 Fahrern. Obendrauf wurde er auch bester der Jugendklasse im Pokalwettbewerb CEZ Eset V4 Cup. Auf der Veranstaltung am Ende der Saison in Wien erteilte man Ihm f\u00fcr seine Leistung die schmeichelhafte Anerkennung f\u00fcr den besten Fahrer des Zonenwettbewerbs von Mitteleuropa in Rundstreckenrennen!<\/p><p class=\" translation-block\">Die Erfolge reihten sich auch in der heimischen Konkurrenz, wo Mark den Titel Landesmeister im Twingo Cup und Jugendklassenmeister der Altersklasse bis 21 Jahre erlangte und die Plakette des slowenischen Verbandes f\u00fcr Autosport A\u0160 2005 f\u00fcr den aussichtsreichsten Fahrer des Jahres 2019 erhielt.<\/p><p class=\" translation-block\">Im Jahr 2020 nahm er an Rennen der Nationalmeisterschaft in Bergrennen unter der Betreuung von IK Sport Rennteam mit Ford Fiesta Rally4 teil und erlangte als Mittglied des Verbandes AMD Gorica erneut den Titel des Nationalmeisters in der Jugendklasse bis 21 Jahre.<\/p><p>Doch war und bleibt seine wahre Liebe Rally, wo er aber aufgrund seines Alters noch nicht teilnehmen durfte.<\/p><p><\/p><p>Darum versuchte er es in unterschiedlichen Rennen, wie Euro Nascar Wettbewerb in der PRO Kategorie auf Grobnik in Kroatien, auf den Schotterstrecken der Rally Shows vom Verband Autosport Jazon, und am Rally, Circuit und Adria Rally Show 2021 Wettbewerben in Italien. Auf dem letzten erreichte er mit seinem Beifahrer Matej \u010car den 1. Platz in seiner Klasse, den 4. Platz von allen Fahrern in der Altersklasse bis 25. Jahre und den 1. Platz in der Altersklasse bis 18. Jahre. Die regeln lassen es unter Sonderbedingungen zu, das bei Rallys der slowenischen Nationalmeisterschaft auch Fahrer ab 16 Jahren Teilnehmen, also wird Mark als 17 J\u00e4hriger in diesem Jahr versuchen, in Zusammenarbeit mit dem IK Sport Team und mit gro\u00dfer Unterst\u00fctzung des Verbandes AMD Gorica an allen Rallys der Nationalmeisterschaft teilzunehmen.<\/p><p><b>Mark \u0160kulj hat bereits bewiesen, dass er ein schneller Fahrer ist.<\/b><\/p><p>Darum sind seine Ambitionen in diesem attraktiven, aber auch anspruchsvollen Sport gerechtfertigt hoch.<\/p><p>Erst will er sich auf heimischen Stra\u00dfen im Rally auszeichnen und danach will er auch im Ausland erfolgreich werden. Letztendlich m\u00f6chte er in eine Kariere als professioneller Rennfahrer einsteigen. Obwohl im Rally am liebsten ist, will er andere Rennarten nicht abschreiben, da er seine F\u00e4higkeiten schon auf Rundstrecken und Bergrennen bewiesen hat.<\/p><p>Dem slowenischen Sprichwort gerecht, dass sich nach einem guten Pferd viel Staub hebt, werden wir auf jeden Fall von Mark \u0160kulj und seinen Erfolgen hinterm Lenkrad eines Rennwagens in den kommenden Jahren noch viel h\u00f6ren!<\/p>\t\t\t\t\t<\/div>\n\t\t\t\t\t\t<\/div>\n\t\t\t\t<\/div>\n\t\t\t\t<div class=\"elementor-element elementor-element-50c474b elementor-widget elementor-widget-spacer\" data-id=\"50c474b\" data-element_type=\"widget\" data-widget_type=\"spacer.default\">\n\t\t\t\t<div class=\"elementor-widget-container\">\n\t\t\t\t\t<div class=\"elementor-spacer\">\n\t\t\t<div class=\"elementor-spacer-inner\"><\/div>\n\t\t<\/div>\n\t\t\t\t<\/div>\n\t\t\t\t<\/div>\n\t\t\t\t<div class=\"elementor-element elementor-element-258e5fc elementor-widget elementor-widget-spacer\" data-id=\"258e5fc\" data-element_type=\"widget\" data-widget_type=\"spacer.default\">\n\t\t\t\t<div class=\"elementor-widget-container\">\n\t\t\t\t\t<div class=\"elementor-spacer\">\n\t\t\t<div class=\"elementor-spacer-inner\"><\/div>\n\t\t<\/div>\n\t\t\t\t<\/div>\n\t\t\t\t<\/div>\n\t\t\t\t\t\t<\/div>\n\t\t\t\t\t<\/div>\n\t\t<\/div>\n\t\t\t\t\t\t\t\t<\/div>\n\t\t\t\t\t<\/div>\n\t\t<\/section>\n\t\t\t\t\t\t<\/div>\n\t\t\t\t\t\t<\/div>\n\t\t\t\t\t<\/div>","protected":false},"excerpt":{"rendered":"<p>Mark \u0160kulj &#8211; rojen za hitrost, ustvarjen za zmago! Ljubezen do dirkalnih avtomobilov je bila Marku polo\u017eena v zibelko.\u00a0\u017de njegov o\u010de Andrej je velik ljubitelj bencinskih \u0161portov na \u0161tirih kolesih in tako je Mark ta \u0161port vzljubil \u017ee v otro\u0161tvu. Ko je bil star komaj 7 let, je prvi\u010d sedel v gokart&hellip;<\/p>","protected":false},"author":1,"featured_media":0,"parent":0,"menu_order":0,"comment_status":"closed","ping_status":"closed","template":"","meta":[],"yoast_head":"<!-- This site is optimized with the Yoast SEO plugin v16.4 - https:\/\/yoast.com\/wordpress\/plugins\/seo\/ -->\n<title>O Marku - Mark \u0160kulj<\/title>\n<meta name=\"robots\" content=\"index, follow, max-snippet:-1, max-image-preview:large, max-video-preview:-1\" \/>\n<link rel=\"canonical\" href=\"https:\/\/markskulj.si\/de\/o-marku\/\" \/>\n<meta property=\"og:locale\" content=\"de_DE\" \/>\n<meta property=\"og:type\" content=\"article\" \/>\n<meta property=\"og:title\" content=\"O Marku - Mark \u0160kulj\" \/>\n<meta property=\"og:description\" content=\"Mark \u0160kulj &#8211; rojen za hitrost, ustvarjen za zmago! Ljubezen do dirkalnih avtomobilov je bila Marku polo\u017eena v zibelko.\u00a0\u017de njegov o\u010de Andrej je velik ljubitelj bencinskih \u0161portov na \u0161tirih kolesih in tako je Mark ta \u0161port vzljubil \u017ee v otro\u0161tvu. Ko je bil star komaj 7 let, je prvi\u010d sedel v gokart&hellip;\" \/>\n<meta property=\"og:url\" content=\"https:\/\/markskulj.si\/de\/o-marku\/\" \/>\n<meta property=\"og:site_name\" content=\"Mark \u0160kulj\" \/>\n<meta property=\"article:modified_time\" content=\"2025-05-27T09:23:44+00:00\" \/>\n<meta property=\"og:image\" content=\"\/\/markskulj.si\/wp-content\/uploads\/2021\/05\/5.jpg\" \/>\n<meta name=\"twitter:card\" content=\"summary_large_image\" \/>\n<meta name=\"twitter:label1\" content=\"Gesch\u00e4tzte Lesezeit\" \/>\n\t<meta name=\"twitter:data1\" content=\"3 Minuten\" \/>\n<script type=\"application\/ld+json\" class=\"yoast-schema-graph\">{\"@context\":\"https:\/\/schema.org\",\"@graph\":[{\"@type\":\"WebSite\",\"@id\":\"https:\/\/markskulj.si\/#website\",\"url\":\"https:\/\/markskulj.si\/\",\"name\":\"Mark \\u0160kulj\",\"description\":\"\",\"potentialAction\":[{\"@type\":\"SearchAction\",\"target\":\"https:\/\/markskulj.si\/?s={search_term_string}\",\"query-input\":\"required name=search_term_string\"}],\"inLanguage\":\"de-DE\"},{\"@type\":\"ImageObject\",\"@id\":\"https:\/\/markskulj.si\/o-marku\/#primaryimage\",\"inLanguage\":\"de-DE\",\"url\":\"\/\/markskulj.si\/wp-content\/uploads\/2021\/05\/5.jpg\",\"contentUrl\":\"\/\/markskulj.si\/wp-content\/uploads\/2021\/05\/5.jpg\"},{\"@type\":\"WebPage\",\"@id\":\"https:\/\/markskulj.si\/o-marku\/#webpage\",\"url\":\"https:\/\/markskulj.si\/o-marku\/\",\"name\":\"O Marku - Mark \\u0160kulj\",\"isPartOf\":{\"@id\":\"https:\/\/markskulj.si\/#website\"},\"primaryImageOfPage\":{\"@id\":\"https:\/\/markskulj.si\/o-marku\/#primaryimage\"},\"datePublished\":\"2018-03-21T09:51:18+00:00\",\"dateModified\":\"2025-05-27T09:23:44+00:00\",\"breadcrumb\":{\"@id\":\"https:\/\/markskulj.si\/o-marku\/#breadcrumb\"},\"inLanguage\":\"de-DE\",\"potentialAction\":[{\"@type\":\"ReadAction\",\"target\":[\"https:\/\/markskulj.si\/o-marku\/\"]}]},{\"@type\":\"BreadcrumbList\",\"@id\":\"https:\/\/markskulj.si\/o-marku\/#breadcrumb\",\"itemListElement\":[{\"@type\":\"ListItem\",\"position\":1,\"item\":{\"@type\":\"WebPage\",\"@id\":\"https:\/\/markskulj.si\/\",\"url\":\"https:\/\/markskulj.si\/\",\"name\":\"Home\"}},{\"@type\":\"ListItem\",\"position\":2,\"item\":{\"@id\":\"https:\/\/markskulj.si\/o-marku\/#webpage\"}}]}]}<\/script>\n<!-- \/ Yoast SEO plugin. -->","_links":{"self":[{"href":"https:\/\/markskulj.si\/de\/wp-json\/wp\/v2\/pages\/159"}],"collection":[{"href":"https:\/\/markskulj.si\/de\/wp-json\/wp\/v2\/pages"}],"about":[{"href":"https:\/\/markskulj.si\/de\/wp-json\/wp\/v2\/types\/page"}],"author":[{"embeddable":true,"href":"https:\/\/markskulj.si\/de\/wp-json\/wp\/v2\/users\/1"}],"replies":[{"embeddable":true,"href":"https:\/\/markskulj.si\/de\/wp-json\/wp\/v2\/comments?post=159"}],"version-history":[{"count":43,"href":"https:\/\/markskulj.si\/de\/wp-json\/wp\/v2\/pages\/159\/revisions"}],"predecessor-version":[{"id":1480,"href":"https:\/\/markskulj.si\/de\/wp-json\/wp\/v2\/pages\/159\/revisions\/1480"}],"wp:attachment":[{"href":"https:\/\/markskulj.si\/de\/wp-json\/wp\/v2\/media?parent=159"}],"curies":[{"name":"wp","href":"https:\/\/api.w.org\/{rel}","templated":true}]}}