{"id":1139,"date":"2023-10-27T09:28:06","date_gmt":"2023-10-27T09:28:06","guid":{"rendered":"https:\/\/markskulj.si\/?page_id=1139"},"modified":"2023-10-27T09:35:22","modified_gmt":"2023-10-27T09:35:22","slug":"pia-sumer","status":"publish","type":"page","link":"https:\/\/markskulj.si\/de\/pia-sumer\/","title":{"rendered":"Pia \u0160umer"},"content":{"rendered":"<div data-elementor-type=\"wp-page\" data-elementor-id=\"1139\" class=\"elementor elementor-1139\" data-elementor-settings=\"[]\">\n\t\t\t\t\t\t<div class=\"elementor-inner\">\n\t\t\t\t\t\t\t<div class=\"elementor-section-wrap\">\n\t\t\t\t\t\t\t<section class=\"elementor-section elementor-top-section elementor-element elementor-element-520d3cf elementor-section-full_width elementor-section-content-middle elementor-section-height-default elementor-section-height-default\" data-id=\"520d3cf\" data-element_type=\"section\">\n\t\t\t\t\t\t<div class=\"elementor-container elementor-column-gap-no\">\n\t\t\t\t\t\t\t<div class=\"elementor-row\">\n\t\t\t\t\t<div class=\"elementor-column elementor-col-33 elementor-top-column elementor-element elementor-element-eb6cc77 sc_layouts_column_icons_position_left\" data-id=\"eb6cc77\" data-element_type=\"column\">\n\t\t\t<div class=\"elementor-column-wrap\">\n\t\t\t\t\t\t\t<div class=\"elementor-widget-wrap\">\n\t\t\t\t\t\t\t\t<\/div>\n\t\t\t\t\t<\/div>\n\t\t<\/div>\n\t\t\t\t<div class=\"elementor-column elementor-col-33 elementor-top-column elementor-element elementor-element-f03a229 sc_layouts_column_icons_position_left\" data-id=\"f03a229\" data-element_type=\"column\">\n\t\t\t<div class=\"elementor-column-wrap elementor-element-populated\">\n\t\t\t\t\t\t\t<div class=\"elementor-widget-wrap\">\n\t\t\t\t\t\t<div class=\"elementor-element elementor-element-7040f8d elementor-widget elementor-widget-trx_sc_title\" data-id=\"7040f8d\" data-element_type=\"widget\" data-widget_type=\"trx_sc_title.default\">\n\t\t\t\t<div class=\"elementor-widget-container\">\n\t\t\t<div id=\"trx_sc_title_172298944\"\n\t\tclass=\"sc_title color_style_default sc_title_decor\">\t<div class=\"sc_title_decor_item  sc_align_none\">\n\t\t<div class=\"sc_title_decor_container\">\n\t<h2 class=\"sc_item_title sc_title_title sc_align_none sc_item_title_style_decor\">Pia \u0160umer<\/h2>\t<\/div><\/div>\n\t<\/div><!-- \/.sc_title -->\t\t<\/div>\n\t\t\t\t<\/div>\n\t\t\t\t<div class=\"elementor-element elementor-element-184d493 elementor-widget elementor-widget-spacer\" data-id=\"184d493\" data-element_type=\"widget\" data-widget_type=\"spacer.default\">\n\t\t\t\t<div class=\"elementor-widget-container\">\n\t\t\t\t\t<div class=\"elementor-spacer\">\n\t\t\t<div class=\"elementor-spacer-inner\"><\/div>\n\t\t<\/div>\n\t\t\t\t<\/div>\n\t\t\t\t<\/div>\n\t\t\t\t\t\t<\/div>\n\t\t\t\t\t<\/div>\n\t\t<\/div>\n\t\t\t\t<div class=\"elementor-column elementor-col-33 elementor-top-column elementor-element elementor-element-53c116d sc_layouts_column_icons_position_left\" data-id=\"53c116d\" data-element_type=\"column\">\n\t\t\t<div class=\"elementor-column-wrap elementor-element-populated\">\n\t\t\t\t\t\t\t<div class=\"elementor-widget-wrap\">\n\t\t\t\t\t\t<div class=\"elementor-element elementor-element-9968cdd elementor-widget elementor-widget-trx_sc_custom_image\" data-id=\"9968cdd\" data-element_type=\"widget\" data-widget_type=\"trx_sc_custom_image.default\">\n\t\t\t\t<div class=\"elementor-widget-container\">\n\t\t\t<div class=\"sc_custom_image left_border sc_align_none\"><div class=\"custom_image_container\">\n\t<div class=\"image_border_left\">\n\t\t<svg version=\"1.1\" xmlns=\"http:\/\/www.w3.org\/2000\/svg\" xmlns:xlink=\"http:\/\/www.w3.org\/1999\/xlink\" x=\"0px\" y=\"0px\" viewbox=\"0 0 70 350\" xml:space=\"preserve\">\n\t\t\t<path class=\"trx_addons_inline_151248093\" d=\"M0,0h70L0,350l0,0V0z\"\/>\n\t\t<\/svg>\n\t<\/div>\t<div class=\"sc_custom_image_item\"><img class=\"sc_icon_as_image\" src=\"\/\/markskulj.si\/wp-content\/uploads\/2023\/10\/Pia2.jpg\" alt=\"\"><\/div><\/div><\/div><!-- \/.sc_custom_image -->\t\t<\/div>\n\t\t\t\t<\/div>\n\t\t\t\t<div class=\"elementor-element elementor-element-ac485ac elementor-widget elementor-widget-spacer\" data-id=\"ac485ac\" data-element_type=\"widget\" data-widget_type=\"spacer.default\">\n\t\t\t\t<div class=\"elementor-widget-container\">\n\t\t\t\t\t<div class=\"elementor-spacer\">\n\t\t\t<div class=\"elementor-spacer-inner\"><\/div>\n\t\t<\/div>\n\t\t\t\t<\/div>\n\t\t\t\t<\/div>\n\t\t\t\t\t\t<\/div>\n\t\t\t\t\t<\/div>\n\t\t<\/div>\n\t\t\t\t\t\t\t\t<\/div>\n\t\t\t\t\t<\/div>\n\t\t<\/section>\n\t\t\t\t<section class=\"elementor-section elementor-top-section elementor-element elementor-element-48e760e elementor-section-boxed elementor-section-height-default elementor-section-height-default\" data-id=\"48e760e\" data-element_type=\"section\">\n\t\t\t\t\t\t<div class=\"elementor-container elementor-column-gap-extended\">\n\t\t\t\t\t\t\t<div class=\"elementor-row\">\n\t\t\t\t\t<div class=\"elementor-column elementor-col-100 elementor-top-column elementor-element elementor-element-dbad74a sc_layouts_column_icons_position_left\" data-id=\"dbad74a\" data-element_type=\"column\">\n\t\t\t<div class=\"elementor-column-wrap elementor-element-populated\">\n\t\t\t\t\t\t\t<div class=\"elementor-widget-wrap\">\n\t\t\t\t\t\t<div class=\"elementor-element elementor-element-350d954 elementor-widget elementor-widget-text-editor\" data-id=\"350d954\" data-element_type=\"widget\" data-widget_type=\"text-editor.default\">\n\t\t\t\t<div class=\"elementor-widget-container\">\n\t\t\t\t\t\t\t\t<div class=\"elementor-text-editor elementor-clearfix\">\n\t\t\t\t\t<p>Pia \u0160umer, simpati\u010dna, neustra\u0161na zdravnica, je tudi velika \u0161portna navdu\u0161enka. \u017de pri petih letih je pri\u010dela trenirati smu\u010danje, dve leti kasneje pa je sedla \u0161e v kart, v katerem je odpeljala nekaj sezon dr\u017eavnega prvenstva. Zatem je deset let tekmovala v vo\u017enji z vodnimi skuterji (jet ski), kjer je leta 2013 osvojila naslov svetovne prvakinje.<\/p><p>\u017de v \u010dasu, ko je \u0161e tekmovala v kartingu je bila prepri\u010dana, da bo kariero nadaljevala v reliju, katerega \u0161teje za kraljevo disciplino moto\u0161porta. \u010ceprav jo je \u0161portna kariera v vodnih skuterjih nekoliko odmaknila od bencinskih \u0161portov na kolesih, je \u017eelja po tekmovanju v reliju ostala. Po sre\u010dnem naklju\u010dju se ji je pred pribli\u017eno dvema letoma ponudila prilo\u017enost, da se preizkusi kot sovoznica Simona Wagnerja, avstrijskega dr\u017eavnega prvaka v reliju. Po uspe\u0161no prestanem testu je v letu 2022 kot sovoznica Simona Wagnerja tekmovala na nekaj dirkah.<\/p><p>Po zaklju\u010dku sezone 2022 se je Pia za sodelovanje v novi sezoni dogovorila z Markom \u0160kuljem, tedaj \u0161e 18 letnim voznikom relija v diviziji 2, ki velja za enega najve\u010djih talentov moto \u0161porta pri nas. \u017de v svoji prvi skupni sezoni sta dosegla nekaj izjemnih rezultatov (zmaga na reliju za avstrijsko dr\u017eavno prvenstvo, zmaga na vseh tekmah za slovensko dr\u017eavno prvenstvo v diviziji 2 in osvojitev naslova dr\u017eavnih prvakov\u2026), kar dokazuje njuno dobro sodelovanje.<\/p><p>Pia \u0160umer prednost \u017eenske sovoznice v reliju, zraven nizke te\u017ee, \u0161teje tudi bolj\u0161o organiziranost pri vodenju \u010dasovnic in branju zapiskov in dejstvo, da se \u017eenske ne vtikajo v taktiko vo\u017enje. Pa seveda da \u017eenske veliko in hitro govorijo, kar je v primeru, ko je treba vozniku hitro posredovati ve\u010d informacij v precej kratkem \u010dasu, pozitivna lastnost.<\/p>\t\t\t\t\t<\/div>\n\t\t\t\t\t\t<\/div>\n\t\t\t\t<\/div>\n\t\t\t\t\t\t<\/div>\n\t\t\t\t\t<\/div>\n\t\t<\/div>\n\t\t\t\t\t\t\t\t<\/div>\n\t\t\t\t\t<\/div>\n\t\t<\/section>\n\t\t\t\t<section class=\"elementor-section elementor-top-section elementor-element elementor-element-69f6a31 elementor-section-boxed elementor-section-height-default elementor-section-height-default\" data-id=\"69f6a31\" data-element_type=\"section\">\n\t\t\t\t\t\t<div class=\"elementor-container elementor-column-gap-extended\">\n\t\t\t\t\t\t\t<div class=\"elementor-row\">\n\t\t\t\t\t<div class=\"elementor-column elementor-col-100 elementor-top-column elementor-element elementor-element-28e887c sc_layouts_column_icons_position_left\" data-id=\"28e887c\" data-element_type=\"column\">\n\t\t\t<div class=\"elementor-column-wrap elementor-element-populated\">\n\t\t\t\t\t\t\t<div class=\"elementor-widget-wrap\">\n\t\t\t\t\t\t<div class=\"elementor-element elementor-element-175a44a elementor-widget elementor-widget-image\" data-id=\"175a44a\" data-element_type=\"widget\" data-widget_type=\"image.default\">\n\t\t\t\t<div class=\"elementor-widget-container\">\n\t\t\t\t\t\t\t\t<div class=\"elementor-image\">\n\t\t\t\t\t\t\t\t\t\t\t\t<img width=\"1024\" height=\"681\" src=\"https:\/\/markskulj.si\/wp-content\/uploads\/2023\/10\/Pia1-1024x681.jpg\" class=\"attachment-large size-large\" alt=\"\" loading=\"lazy\" srcset=\"https:\/\/markskulj.si\/wp-content\/uploads\/2023\/10\/Pia1-1024x681.jpg 1024w, https:\/\/markskulj.si\/wp-content\/uploads\/2023\/10\/Pia1-300x200.jpg 300w, https:\/\/markskulj.si\/wp-content\/uploads\/2023\/10\/Pia1-768x511.jpg 768w, https:\/\/markskulj.si\/wp-content\/uploads\/2023\/10\/Pia1-1536x1022.jpg 1536w, https:\/\/markskulj.si\/wp-content\/uploads\/2023\/10\/Pia1-2048x1363.jpg 2048w, https:\/\/markskulj.si\/wp-content\/uploads\/2023\/10\/Pia1-16x12.jpg 16w, https:\/\/markskulj.si\/wp-content\/uploads\/2023\/10\/Pia1-370x246.jpg 370w, https:\/\/markskulj.si\/wp-content\/uploads\/2023\/10\/Pia1-745x496.jpg 745w, https:\/\/markskulj.si\/wp-content\/uploads\/2023\/10\/Pia1-365x243.jpg 365w\" sizes=\"(max-width: 1024px) 100vw, 1024px\" \/>\t\t\t\t\t\t\t\t\t\t\t\t\t\t<\/div>\n\t\t\t\t\t\t<\/div>\n\t\t\t\t<\/div>\n\t\t\t\t\t\t<\/div>\n\t\t\t\t\t<\/div>\n\t\t<\/div>\n\t\t\t\t\t\t\t\t<\/div>\n\t\t\t\t\t<\/div>\n\t\t<\/section>\n\t\t\t\t\t\t<\/div>\n\t\t\t\t\t\t<\/div>\n\t\t\t\t\t<\/div>","protected":false},"excerpt":{"rendered":"<p>Pia \u0160umer Pia \u0160umer, simpati\u010dna, neustra\u0161na zdravnica, je tudi velika \u0161portna navdu\u0161enka. \u017de pri petih letih je pri\u010dela trenirati smu\u010danje, dve leti kasneje pa je sedla \u0161e v kart, v katerem je odpeljala nekaj sezon dr\u017eavnega prvenstva. Zatem je deset let tekmovala v vo\u017enji z vodnimi skuterji (jet ski), kjer je leta&hellip;<\/p>","protected":false},"author":1,"featured_media":0,"parent":0,"menu_order":0,"comment_status":"closed","ping_status":"closed","template":"","meta":[],"yoast_head":"<!-- This site is optimized with the Yoast SEO plugin v16.4 - https:\/\/yoast.com\/wordpress\/plugins\/seo\/ -->\n<title>Pia \u0160umer - Mark \u0160kulj<\/title>\n<meta name=\"robots\" content=\"index, follow, max-snippet:-1, max-image-preview:large, max-video-preview:-1\" \/>\n<link rel=\"canonical\" href=\"https:\/\/markskulj.si\/de\/pia-sumer\/\" \/>\n<meta property=\"og:locale\" content=\"de_DE\" \/>\n<meta property=\"og:type\" content=\"article\" \/>\n<meta property=\"og:title\" content=\"Pia \u0160umer - Mark \u0160kulj\" \/>\n<meta property=\"og:description\" content=\"Pia \u0160umer Pia \u0160umer, simpati\u010dna, neustra\u0161na zdravnica, je tudi velika \u0161portna navdu\u0161enka. \u017de pri petih letih je pri\u010dela trenirati smu\u010danje, dve leti kasneje pa je sedla \u0161e v kart, v katerem je odpeljala nekaj sezon dr\u017eavnega prvenstva. Zatem je deset let tekmovala v vo\u017enji z vodnimi skuterji (jet ski), kjer je leta&hellip;\" \/>\n<meta property=\"og:url\" content=\"https:\/\/markskulj.si\/de\/pia-sumer\/\" \/>\n<meta property=\"og:site_name\" content=\"Mark \u0160kulj\" \/>\n<meta property=\"article:modified_time\" content=\"2023-10-27T09:35:22+00:00\" \/>\n<meta property=\"og:image\" content=\"\/\/markskulj.si\/wp-content\/uploads\/2023\/10\/Pia2.jpg\" \/>\n<meta name=\"twitter:card\" content=\"summary_large_image\" \/>\n<meta name=\"twitter:label1\" content=\"Gesch\u00e4tzte Lesezeit\" \/>\n\t<meta name=\"twitter:data1\" content=\"2 Minuten\" \/>\n<script type=\"application\/ld+json\" class=\"yoast-schema-graph\">{\"@context\":\"https:\/\/schema.org\",\"@graph\":[{\"@type\":\"WebSite\",\"@id\":\"https:\/\/markskulj.si\/#website\",\"url\":\"https:\/\/markskulj.si\/\",\"name\":\"Mark \\u0160kulj\",\"description\":\"\",\"potentialAction\":[{\"@type\":\"SearchAction\",\"target\":\"https:\/\/markskulj.si\/?s={search_term_string}\",\"query-input\":\"required name=search_term_string\"}],\"inLanguage\":\"de-DE\"},{\"@type\":\"ImageObject\",\"@id\":\"https:\/\/markskulj.si\/pia-sumer\/#primaryimage\",\"inLanguage\":\"de-DE\",\"url\":\"\/\/markskulj.si\/wp-content\/uploads\/2023\/10\/Pia2.jpg\",\"contentUrl\":\"\/\/markskulj.si\/wp-content\/uploads\/2023\/10\/Pia2.jpg\"},{\"@type\":\"WebPage\",\"@id\":\"https:\/\/markskulj.si\/pia-sumer\/#webpage\",\"url\":\"https:\/\/markskulj.si\/pia-sumer\/\",\"name\":\"Pia \\u0160umer - Mark \\u0160kulj\",\"isPartOf\":{\"@id\":\"https:\/\/markskulj.si\/#website\"},\"primaryImageOfPage\":{\"@id\":\"https:\/\/markskulj.si\/pia-sumer\/#primaryimage\"},\"datePublished\":\"2023-10-27T09:28:06+00:00\",\"dateModified\":\"2023-10-27T09:35:22+00:00\",\"breadcrumb\":{\"@id\":\"https:\/\/markskulj.si\/pia-sumer\/#breadcrumb\"},\"inLanguage\":\"de-DE\",\"potentialAction\":[{\"@type\":\"ReadAction\",\"target\":[\"https:\/\/markskulj.si\/pia-sumer\/\"]}]},{\"@type\":\"BreadcrumbList\",\"@id\":\"https:\/\/markskulj.si\/pia-sumer\/#breadcrumb\",\"itemListElement\":[{\"@type\":\"ListItem\",\"position\":1,\"item\":{\"@type\":\"WebPage\",\"@id\":\"https:\/\/markskulj.si\/\",\"url\":\"https:\/\/markskulj.si\/\",\"name\":\"Home\"}},{\"@type\":\"ListItem\",\"position\":2,\"item\":{\"@id\":\"https:\/\/markskulj.si\/pia-sumer\/#webpage\"}}]}]}<\/script>\n<!-- \/ Yoast SEO plugin. -->","_links":{"self":[{"href":"https:\/\/markskulj.si\/de\/wp-json\/wp\/v2\/pages\/1139"}],"collection":[{"href":"https:\/\/markskulj.si\/de\/wp-json\/wp\/v2\/pages"}],"about":[{"href":"https:\/\/markskulj.si\/de\/wp-json\/wp\/v2\/types\/page"}],"author":[{"embeddable":true,"href":"https:\/\/markskulj.si\/de\/wp-json\/wp\/v2\/users\/1"}],"replies":[{"embeddable":true,"href":"https:\/\/markskulj.si\/de\/wp-json\/wp\/v2\/comments?post=1139"}],"version-history":[{"count":12,"href":"https:\/\/markskulj.si\/de\/wp-json\/wp\/v2\/pages\/1139\/revisions"}],"predecessor-version":[{"id":1153,"href":"https:\/\/markskulj.si\/de\/wp-json\/wp\/v2\/pages\/1139\/revisions\/1153"}],"wp:attachment":[{"href":"https:\/\/markskulj.si\/de\/wp-json\/wp\/v2\/media?parent=1139"}],"curies":[{"name":"wp","href":"https:\/\/api.w.org\/{rel}","templated":true}]}}